{"id":1550,"date":"2015-04-02T14:48:15","date_gmt":"2015-04-02T17:48:15","guid":{"rendered":"http:\/\/lucianemarchesin.com.br\/blog\/?page_id=1550"},"modified":"2023-02-17T07:31:49","modified_gmt":"2023-02-17T10:31:49","slug":"galeria","status":"publish","type":"page","link":"http:\/\/lucianemarchesin.com.br\/blog\/galeria\/","title":{"rendered":"Galeria"},"content":{"rendered":"<p>Por aqui, um pouco de todo meu trabalho, reunido por temas.<\/p>\n<p>Um breve passeio que vale a pena. Vem comigo.<\/p>\n<p>Confira:<\/p>\n<p><a href=\"http:\/\/lucianemarchesin.com.br\/blog\/project\/portifolio-na_barriga_da_mamae\/\">Na barriga da mam\u00e3e<br \/>\n<img decoding=\"async\" alt=\"Na barriga da Mam\u00e3e\" src=\"http:\/\/lucianemarchesin.com.br\/blog\/wp-content\/uploads\/2014\/02\/bbtheo1.jpg\"> <\/a><\/p>\n<p><a href=\"http:\/\/lucianemarchesin.com.br\/blog\/project\/meus-primeiros-dias\/\">Meus Primeiros dias<br \/>\n<img decoding=\"async\" alt=\"Meus Primeiros dias\" src=\"http:\/\/lucianemarchesin.com.br\/blog\/wp-content\/uploads\/2015\/04\/sofia_newb04.jpg\"> <\/a><\/p>\n<p><a href=\"http:\/\/lucianemarchesin.com.br\/blog\/project\/galeria-estou_crescendo\/\"> Estou Crescendo<br \/>\n<img decoding=\"async\" alt=\"Estou Crescendo\" src=\"http:\/\/lucianemarchesin.com.br\/blog\/wp-content\/uploads\/2014\/10\/5sofia-11.jpg\"><\/a><\/p>\n<p><a href=\"http:\/\/lucianemarchesin.com.br\/blog\/project\/portifolio-e-festa\/\">\u00c9 Festa!<br \/>\n<img decoding=\"async\" alt=\"\u00c9 Festa!\" src=\"http:\/\/www.lucianemarchesin.com.br\/\/blog\/wp-content\/uploads\/2015\/03\/sophia\/sophia24.jpg\"><\/a><\/p>\n<p><a href=\"http:\/\/lucianemarchesin.com.br\/blog\/project\/galeria-o_amor_esta_no_ar\/\">O Amor est\u00e1 no Ar<br \/>\n<img decoding=\"async\" alt=\"O Amor est\u00e1 no Ar\" src=\"http:\/\/lucianemarchesin.com.br\/blog\/wp-content\/uploads\/2014\/10\/carol_fabio-1.jpg\"> <\/a><\/p>\n","protected":false},"excerpt":{"rendered":"<p>Por aqui, um pouco de todo meu trabalho, reunido por temas. Um breve passeio que vale a pena. Vem comigo. Confira: Na barriga da mam\u00e3e Meus Primeiros dias Estou Crescendo \u00c9 Festa! O Amor est\u00e1 no Ar<\/p>\n","protected":false},"author":1,"featured_media":0,"parent":0,"menu_order":0,"comment_status":"closed","ping_status":"open","template":"template-fullwidth.php","meta":{"footnotes":""},"class_list":["post-1550","page","type-page","status-publish","hentry"],"_links":{"self":[{"href":"http:\/\/lucianemarchesin.com.br\/blog\/wp-json\/wp\/v2\/pages\/1550","targetHints":{"allow":["GET"]}}],"collection":[{"href":"http:\/\/lucianemarchesin.com.br\/blog\/wp-json\/wp\/v2\/pages"}],"about":[{"href":"http:\/\/lucianemarchesin.com.br\/blog\/wp-json\/wp\/v2\/types\/page"}],"author":[{"embeddable":true,"href":"http:\/\/lucianemarchesin.com.br\/blog\/wp-json\/wp\/v2\/users\/1"}],"replies":[{"embeddable":true,"href":"http:\/\/lucianemarchesin.com.br\/blog\/wp-json\/wp\/v2\/comments?post=1550"}],"version-history":[{"count":1,"href":"http:\/\/lucianemarchesin.com.br\/blog\/wp-json\/wp\/v2\/pages\/1550\/revisions"}],"predecessor-version":[{"id":9924,"href":"http:\/\/lucianemarchesin.com.br\/blog\/wp-json\/wp\/v2\/pages\/1550\/revisions\/9924"}],"wp:attachment":[{"href":"http:\/\/lucianemarchesin.com.br\/blog\/wp-json\/wp\/v2\/media?parent=1550"}],"curies":[{"name":"wp","href":"https:\/\/api.w.org\/{rel}","templated":true}]}}